{"id":399,"date":"2018-10-06T00:54:39","date_gmt":"2018-10-06T03:54:39","guid":{"rendered":"http:\/\/localhost:8081\/cursosonline\/?page_id=399"},"modified":"2018-10-06T13:14:49","modified_gmt":"2018-10-06T16:14:49","slug":"programa-corrigeme","status":"publish","type":"page","link":"https:\/\/tkdrevolucion.com\/web\/programa-corrigeme\/","title":{"rendered":"Programa Corr\u00edgeme"},"content":{"rendered":"<p>Ac\u00e1 ir\u00eda informaci\u00f3n de lo que se ofrecer\u00e1 con las correcciones<\/p>\n<p><a href=\"#\"><img loading=\"lazy\" class=\"alignnone size-medium wp-image-416\" src=\"http:\/\/localhost:8081\/cursosonline\/wp-content\/uploads\/2018\/10\/correcciones-300x67.png\" alt=\"\" width=\"300\" height=\"67\" srcset=\"https:\/\/tkdrevolucion.com\/web\/wp-content\/uploads\/2018\/10\/correcciones-300x67.png 300w, https:\/\/tkdrevolucion.com\/web\/wp-content\/uploads\/2018\/10\/correcciones.png 350w\" sizes=\"(max-width: 300px) 100vw, 300px\" \/><\/a><\/p>\n","protected":false},"excerpt":{"rendered":"<p>Ac\u00e1 ir\u00eda informaci\u00f3n de lo que se ofrecer\u00e1 con las correcciones<\/p>\n","protected":false},"author":1,"featured_media":0,"parent":0,"menu_order":0,"comment_status":"closed","ping_status":"closed","template":"","meta":[],"_links":{"self":[{"href":"https:\/\/tkdrevolucion.com\/web\/wp-json\/wp\/v2\/pages\/399"}],"collection":[{"href":"https:\/\/tkdrevolucion.com\/web\/wp-json\/wp\/v2\/pages"}],"about":[{"href":"https:\/\/tkdrevolucion.com\/web\/wp-json\/wp\/v2\/types\/page"}],"author":[{"embeddable":true,"href":"https:\/\/tkdrevolucion.com\/web\/wp-json\/wp\/v2\/users\/1"}],"replies":[{"embeddable":true,"href":"https:\/\/tkdrevolucion.com\/web\/wp-json\/wp\/v2\/comments?post=399"}],"version-history":[{"count":2,"href":"https:\/\/tkdrevolucion.com\/web\/wp-json\/wp\/v2\/pages\/399\/revisions"}],"predecessor-version":[{"id":417,"href":"https:\/\/tkdrevolucion.com\/web\/wp-json\/wp\/v2\/pages\/399\/revisions\/417"}],"wp:attachment":[{"href":"https:\/\/tkdrevolucion.com\/web\/wp-json\/wp\/v2\/media?parent=399"}],"curies":[{"name":"wp","href":"https:\/\/api.w.org\/{rel}","templated":true}]}}