{"id":397,"date":"2018-10-06T00:54:19","date_gmt":"2018-10-06T03:54:19","guid":{"rendered":"http:\/\/localhost:8081\/cursosonline\/?page_id=397"},"modified":"2020-06-23T00:41:17","modified_gmt":"2020-06-23T03:41:17","slug":"membresia-premium","status":"publish","type":"page","link":"https:\/\/tkdrevolucion.com\/web\/membresia-premium\/","title":{"rendered":"Membres\u00eda Premium"},"content":{"rendered":"<p>La Membres\u00eda Premium de TKD.Revolucion brinda a los instructores y estudiantes la informaci\u00f3n que necesitan para mantenerse en el camino.<\/p>\n<p><a href=\"#\"><img loading=\"lazy\" class=\"alignnone size-medium wp-image-414\" src=\"http:\/\/localhost:8081\/cursosonline\/wp-content\/uploads\/2018\/10\/hazte-300x67.png\" alt=\"\" width=\"300\" height=\"67\" srcset=\"https:\/\/tkdrevolucion.com\/web\/wp-content\/uploads\/2018\/10\/hazte-300x67.png 300w, https:\/\/tkdrevolucion.com\/web\/wp-content\/uploads\/2018\/10\/hazte.png 350w\" sizes=\"(max-width: 300px) 100vw, 300px\" \/><\/a><\/p>\n<p><img loading=\"lazy\" class=\"alignnone  wp-image-449\" src=\"https:\/\/tkdrevolucion.com\/web\/wp-content\/uploads\/2020\/06\/precios-1-300x164.png\" alt=\"\" width=\"755\" height=\"413\" srcset=\"https:\/\/tkdrevolucion.com\/web\/wp-content\/uploads\/2020\/06\/precios-1-300x164.png 300w, https:\/\/tkdrevolucion.com\/web\/wp-content\/uploads\/2020\/06\/precios-1-768x420.png 768w, https:\/\/tkdrevolucion.com\/web\/wp-content\/uploads\/2020\/06\/precios-1-1024x559.png 1024w, https:\/\/tkdrevolucion.com\/web\/wp-content\/uploads\/2020\/06\/precios-1-600x328.png 600w\" sizes=\"(max-width: 755px) 100vw, 755px\" \/><\/p>\n","protected":false},"excerpt":{"rendered":"<p>La Membres\u00eda Premium de TKD.Revolucion brinda a los instructores y estudiantes la informaci\u00f3n que necesitan para mantenerse en el camino.<\/p>\n","protected":false},"author":1,"featured_media":0,"parent":0,"menu_order":0,"comment_status":"closed","ping_status":"closed","template":"","meta":[],"_links":{"self":[{"href":"https:\/\/tkdrevolucion.com\/web\/wp-json\/wp\/v2\/pages\/397"}],"collection":[{"href":"https:\/\/tkdrevolucion.com\/web\/wp-json\/wp\/v2\/pages"}],"about":[{"href":"https:\/\/tkdrevolucion.com\/web\/wp-json\/wp\/v2\/types\/page"}],"author":[{"embeddable":true,"href":"https:\/\/tkdrevolucion.com\/web\/wp-json\/wp\/v2\/users\/1"}],"replies":[{"embeddable":true,"href":"https:\/\/tkdrevolucion.com\/web\/wp-json\/wp\/v2\/comments?post=397"}],"version-history":[{"count":7,"href":"https:\/\/tkdrevolucion.com\/web\/wp-json\/wp\/v2\/pages\/397\/revisions"}],"predecessor-version":[{"id":474,"href":"https:\/\/tkdrevolucion.com\/web\/wp-json\/wp\/v2\/pages\/397\/revisions\/474"}],"wp:attachment":[{"href":"https:\/\/tkdrevolucion.com\/web\/wp-json\/wp\/v2\/media?parent=397"}],"curies":[{"name":"wp","href":"https:\/\/api.w.org\/{rel}","templated":true}]}}